{"id":27,"date":"2023-09-20T16:59:45","date_gmt":"2023-09-20T14:59:45","guid":{"rendered":"http:\/\/omkoro.com\/?page_id=27"},"modified":"2023-09-28T13:50:16","modified_gmt":"2023-09-28T11:50:16","slug":"sophrologie","status":"publish","type":"page","link":"https:\/\/omkoro.com\/index.php\/sophrologie\/","title":{"rendered":"Sophrologie"},"content":{"rendered":"\n<p><\/p>\n\n\n\n<p><em><strong>Qu&#8217;est-ce que la Sophro-relaxation ?<\/strong><\/em><\/p>\n\n\n\n<p><em><strong>La Sophro-relaxation propose un panel de techniques \u00e0 vis\u00e9e pr\u00e9ventive et th\u00e9rapeutique.<br>Bas\u00e9e sur la respiration, la d\u00e9tente psychocorporelle, la visualisation et la gestion dynamique de la pens\u00e9e, elle permet de retrouver un meilleur \u00e9quilibre physique et psychologique.<br>La simplicit\u00e9 et la puissance th\u00e9rapeutique de ces techniques en ont fait une m\u00e9thode de premi\u00e8re importance dans la gestion du stress, le traitement des troubles psychosomatiques et dans l\u2019accompagnement d\u2019une d\u00e9marche en d\u00e9veloppement personnel et professionnel.<\/strong><\/em><\/p>\n\n\n\n<p><strong>Profession Relaxologue<\/strong><\/p>\n\n\n\n<p>Un Relaxologue est un sp\u00e9cialiste professionnel des approches et m\u00e9thodes de relaxation au sens large du terme.<\/p>\n\n\n\n<p>Il accompagne ses clients \u00e0 retrouver ou d\u00e9couvrir en eux des espaces de bien-\u00eatre et de profonde d\u00e9tente, pour favoriser une rencontre authentique avec eux-m\u00eames, les autres, la Vie&#8230;<\/p>\n\n\n\n<p>Le <strong>Relaxologue<\/strong> propose \u00e0 ses clients de se r\u00e9approprier la relation \u00e0 leurs corps dans l\u2019ici et maintenant, \u00e0 d\u00e9velopper l\u2019\u00e9coute d\u2019eux-m\u00eames (ressenti et sensoriel), \u00e0 apaiser le mental et \u00e0 l\u2019utiliser positivement, \u00e0 g\u00e9rer leurs stress et \u00e9tats internes n\u00e9gatifs ou limitants.<\/p>\n\n\n\n<p>Il permet aussi \u00e0 chacun de d\u00e9couvrir et explorer ses paysages int\u00e9rieurs, \u00e0 en utiliser les immenses richesses, et retrouver le sens du merveilleux de la vie&#8230; Ceci pour amener la personne \u00e0 se remobiliser r\u00e9ellement dans le sens de son projet de vie et \u00e0 r\u00e9 enchanter son existence tout en la vivant avec plus de fluidit\u00e9 et d\u2019ouverture.<\/p>\n\n\n\n<p>Les techniques employ\u00e9es par le Relaxologue sont des pratiques simples. Elles utilisent diff\u00e9rentes m\u00e9thodes de relaxation, de sophrologie, de conscience respiratoire, de travail psychocorporel, de techniques de visualisation mentale et cr\u00e9atrice, de toucher de d\u00e9tente et de bien-\u00eatre, ainsi que d\u2019autres pratiques encore\u2026 selon la sp\u00e9cificit\u00e9 de chaque relaxologue, de sa formation initiale, de ses compl\u00e9ments de formation, de ses comp\u00e9tences professionnelles et de ses qualit\u00e9s d\u2019\u00eatre personnelles.<\/p>\n\n\n\n<p>Il utilisera aussi des outils d\u2019expression de soi pour faciliter l\u2019int\u00e9gration de ce processus et aider \u00e0 la mobilisation du potentiel \u00e9volutif et de la cr\u00e9ativit\u00e9 de la personne (parole, dessin, \u00e9criture, mandalas, sons, mouvements, musiques, danse, \u2026).<\/p>\n\n\n\n<p>La <strong>Sophrologie<\/strong> recouvre trois domaines:<\/p>\n\n\n\n<ul class=\"wp-block-list\">\n<li>La th\u00e9rapie,<\/li>\n\n\n\n<li>La p\u00e9dagogie et la pr\u00e9vention,<\/li>\n\n\n\n<li>Le comportemental<\/li>\n<\/ul>\n\n\n\n<p>La <strong>Sophrologie<\/strong> se pratique en s\u00e9ance individuelle ou en s\u00e9ance de groupe. Elle tend actuellement \u00e0 aborder les m\u00e9thodes de la vie de relation, dans le quotidien comme au sein de l&#8217;entreprise.<\/p>\n\n\n\n<p>Les traitements concernent quatre dimensions diff\u00e9rentes chez l&#8217;Homme : physique, \u00e9motionnel, mental et spirituel.<\/p>\n\n\n\n<p>Elle aide \u00e0 vaincre ses peurs, lib\u00e9rer ses \u00e9motions n\u00e9gatives, gagner la confiance en soi.<\/p>\n\n\n\n<p>Tr\u00e8s utilis\u00e9e pour la pr\u00e9paration aux examens, pour les sportifs de haut niveau, pour la pr\u00e9paration \u00e0 l\u2019accouchement ou \u00e0 une intervention chirurgicale.<\/p>\n\n\n\n<p>En fait, \u00e0 tous les \u00e9v\u00e8nements importants de la vie.<\/p>\n\n\n\n<p><strong>D\u00e9finition de la relaxologie<\/strong><\/p>\n\n\n\n<p>Au-del\u00e0 du rel\u00e2chement musculaire, la relaxation diminue l&#8217;angoisse et favorise le bien-\u00eatre g\u00e9n\u00e9ral de l&#8217;organisme. C&#8217;est un moyen th\u00e9rapeutique pr\u00e9ventif ou curatif qui passe par la d\u00e9concentration mentale et musculaire obtenue par des exercices visant \u00e0 prendre conscience de son corps et de ses pens\u00e9es. Elle diminue l&#8217;angoisse et l&#8217;\u00e9motivit\u00e9.<\/p>\n\n\n\n<p>C&#8217;est l&#8217;apprentissage de la connaissance \u00e9motionnelle par le l\u00e2cher-prise.<\/p>\n\n\n\n<p>G\u00e9n\u00e9ralement, on identifie cinq types de stress : performance, peur, ennui, frustration, deuil ou perte.<\/p>\n\n\n\n<p><strong>Relaxer et contr\u00f4ler le stress<\/strong><\/p>\n\n\n\n<p>Lors d&#8217;un premier entretien, un client angoiss\u00e9 se mordait les l\u00e8vres de tension. Apr\u00e8s lui avoir sugg\u00e9r\u00e9 de fermer les yeux et de prendre deux ou trois bonnes respirations, le visage, les \u00e9paules et la nuque se sont rel\u00e2ch\u00e9es, d\u00e9contract\u00e9es.<\/p>\n\n\n\n<p>Il a pouss\u00e9 un profond soupir. Que c&#8217;est bon de respirer !<\/p>\n\n\n\n<p>Les s\u00e9ances  r\u00e9guli\u00e8res de relaxation permettent aux sujets participants :<\/p>\n\n\n\n<p>\u00b7 d&#8217;apprendre \u00e0 se relaxer durant les sessions, mais aussi dans leur quotidien,<\/p>\n\n\n\n<p>\u00b7 \u00e0 mieux respirer,<\/p>\n\n\n\n<p>\u00b7 \u00e0 modifier leur respiration lorsqu&#8217;ils se trouvent dans une situation de stress,<\/p>\n\n\n\n<p>\u00b7 \u00e0 comprendre l&#8217;importance de d\u00e9tendre leurs \u00e9paules et leur nuque<\/p>\n\n\n\n<p><strong>Le d\u00e9roulement d&#8217;une s\u00e9ance et son contenu<\/strong><\/p>\n\n\n\n<p>Les s\u00e9ances d&#8217;une heure environ se d\u00e9roulent ainsi :<\/p>\n\n\n\n<p>\u00b7 15 minutes d&#8217;entretien<\/p>\n\n\n\n<p>\u00b7 30 minutes de relaxation<\/p>\n\n\n\n<p>\u00b7 15 minutes de partage verbal<\/p>\n\n\n\n<p><\/p>\n\n\n\n<p><strong>Tenue<\/strong><\/p>\n\n\n\n<p>Une tenue souple et confortable est conseill\u00e9e. Eviter les v\u00eatements trop serr\u00e9s, les jupes,&#8230;<\/p>\n\n\n\n<p><\/p>\n\n\n\n<p>Les s\u00e9ances se font uniquement sur rendez-vous et durent environ 1h.<\/p>\n\n\n\n<p><strong>Quel est le nombre n\u00e9cessaire de s\u00e9ances ?<\/strong><\/p>\n\n\n\n<p>Cela d\u00e9pend des objectifs et du travail personnel.<\/p>\n\n\n\n<p>La personne est invit\u00e9e \u00e0 pratiquer chez elle des exercices simples qui lui permettront de s\u2019approprier les techniques exp\u00e9riment\u00e9es en s\u00e9ance et d\u2019atteindre plus facilement ses objectifs.<\/p>\n\n\n\n<p>Les bienfaits sont apport\u00e9s par la r\u00e9p\u00e9tition et la r\u00e9gularit\u00e9 des exercices et leur adaptation dans votre vie quotidienne.<\/p>\n\n\n\n<p>Les consultations individuelles permettent un travail sp\u00e9cifique, les exercices sont adapt\u00e9s au patient, un temps de parole important lui est consacr\u00e9 et les \u00e9changes sont personnalis\u00e9s.<\/p>\n\n\n\n<p>A travers les s\u00e9ances de sophrologie la personne progresse vers son d\u00e9veloppement personnel.<\/p>\n\n\n\n<p>Je l&#8217;aide alors \u00e0 acqu\u00e9rir une meilleure connaissance d\u2019elle-m\u00eame, une meilleure acceptation et ancrage de son harmonie physique et psychique, une meilleure<\/p>\n\n\n\n<p>Progressivement elle acqui\u00e8re confiance en elle-m\u00eame, elle devient consciente du caract\u00e8re riche et unique de son existence.<\/p>\n\n\n\n<p><\/p>\n","protected":false},"excerpt":{"rendered":"<p>Qu&#8217;est-ce que la Sophro-relaxation ? La Sophro-relaxation propose un panel de techniques \u00e0 vis\u00e9e pr\u00e9ventive et th\u00e9rapeutique.Bas\u00e9e sur la respiration, la d\u00e9tente psychocorporelle, la visualisation et la gestion dynamique de la pens\u00e9e, elle permet de retrouver un meilleur \u00e9quilibre physique et psychologique.La simplicit\u00e9 et la puissance th\u00e9rapeutique de ces techniques en ont fait une m\u00e9thode &hellip; <\/p>\n<p class=\"link-more\"><a href=\"https:\/\/omkoro.com\/index.php\/sophrologie\/\" class=\"more-link\">Continue reading<span class=\"screen-reader-text\"> &#8220;Sophrologie&#8221;<\/span><\/a><\/p>\n","protected":false},"author":1,"featured_media":0,"parent":0,"menu_order":0,"comment_status":"closed","ping_status":"closed","template":"","meta":{"footnotes":""},"class_list":["post-27","page","type-page","status-publish","hentry"],"_links":{"self":[{"href":"https:\/\/omkoro.com\/index.php\/wp-json\/wp\/v2\/pages\/27","targetHints":{"allow":["GET"]}}],"collection":[{"href":"https:\/\/omkoro.com\/index.php\/wp-json\/wp\/v2\/pages"}],"about":[{"href":"https:\/\/omkoro.com\/index.php\/wp-json\/wp\/v2\/types\/page"}],"author":[{"embeddable":true,"href":"https:\/\/omkoro.com\/index.php\/wp-json\/wp\/v2\/users\/1"}],"replies":[{"embeddable":true,"href":"https:\/\/omkoro.com\/index.php\/wp-json\/wp\/v2\/comments?post=27"}],"version-history":[{"count":6,"href":"https:\/\/omkoro.com\/index.php\/wp-json\/wp\/v2\/pages\/27\/revisions"}],"predecessor-version":[{"id":48,"href":"https:\/\/omkoro.com\/index.php\/wp-json\/wp\/v2\/pages\/27\/revisions\/48"}],"wp:attachment":[{"href":"https:\/\/omkoro.com\/index.php\/wp-json\/wp\/v2\/media?parent=27"}],"curies":[{"name":"wp","href":"https:\/\/api.w.org\/{rel}","templated":true}]}}